{"id":196,"date":"2020-01-27T12:28:41","date_gmt":"2020-01-27T15:28:41","guid":{"rendered":"https:\/\/warddogs.com\/?page_id=196"},"modified":"2023-01-30T19:34:51","modified_gmt":"2023-01-30T22:34:51","slug":"datenschutz","status":"publish","type":"page","link":"https:\/\/warddogs.com\/de\/privacidade\/","title":{"rendered":"Datenschutz"},"content":{"rendered":"<h2 class=\"wp-block-heading\">Wer wir sind<\/h2>\r\n\r\n\r\n\r\n<p>Unsere Website-Adresse lautet: https:\/\/warddogs.com.<\/p>\r\n\r\n\r\n\r\n<h2 class=\"wp-block-heading\">Welche pers\u00f6nlichen Daten wir sammeln und warum<\/h2>\r\n\r\n\r\n\r\n<h3 class=\"wp-block-heading\">Kommentare<\/h3>\r\n\r\n\r\n\r\n<p>Wenn Besucher Kommentare auf der Website hinterlassen, erfassen wir die im Kommentarformular angezeigten Daten sowie die IP-Adresse und die Browserdaten des Besuchers, um Spam zu erkennen.<\/p>\r\n\r\n\r\n\r\n<p>Eine anonymisierte Zeichenfolge, die aus Ihrer E-Mail erstellt wird (auch Hash genannt), kann an Gravatar gesendet werden, um zu \u00fcberpr\u00fcfen, dass Sie den Dienst nutzen. Die Datenschutzbestimmungen von Gravatar finden Sie hier: https:\/\/automattic.com\/privacy\/. Sobald Ihr Kommentar genehmigt wurde, ist Ihr Profilbild neben Ihrem Kommentar \u00f6ffentlich sichtbar.<\/p>\r\n\r\n\r\n\r\n<h3 class=\"wp-block-heading\">Kontaktformulare<\/h3>\r\n\r\n\r\n\r\n<h3 class=\"wp-block-heading\">Cookies<\/h3>\r\n\r\n\r\n\r\n<p>Wenn Sie einen Kommentar auf der Website hinterlassen, k\u00f6nnen Sie festlegen, dass Ihr Name, Ihre E-Mail-Adresse und Ihre Website in Cookies gespeichert werden. Dies dient Ihrer Bequemlichkeit, damit Sie Ihre Daten nicht erneut eingeben m\u00fcssen, wenn Sie einen weiteren Kommentar abgeben. Diese Cookies haben eine Lebensdauer von einem Jahr.<\/p>\r\n\r\n\r\n\r\n<p>Wenn Sie ein Konto haben und auf diese Website zugreifen, wird ein tempor\u00e4rer Cookie erstellt, um festzustellen, ob Ihr Browser Cookies akzeptiert. Er enth\u00e4lt keine pers\u00f6nlichen Daten und wird gel\u00f6scht, wenn Sie Ihren Browser schlie\u00dfen.<\/p>\r\n\r\n\r\n\r\n<p>Wenn Sie auf Ihr Konto auf der Website zugreifen, legen wir auch verschiedene Cookies an, um Ihre Kontodaten und Ihre Bildschirmauswahl zu speichern. Login-Cookies werden zwei Tage lang und Bildschirmauswahl-Cookies ein Jahr lang gespeichert. Wenn Sie \u201cRemember me\u201d w\u00e4hlen, wird Ihr Zugang f\u00fcr zwei Wochen gespeichert. Wenn Sie sich von Ihrem Konto abmelden, werden die Anmelde-Cookies entfernt.<\/p>\r\n\r\n\r\n\r\n<p>Wenn Sie einen Beitrag bearbeiten oder ver\u00f6ffentlichen, wird ein zus\u00e4tzliches Cookie in Ihrem Browser gespeichert. Dieses Cookie enth\u00e4lt keine pers\u00f6nlichen Daten, sondern zeigt lediglich die Post-ID des Artikels an, den Sie gerade bearbeitet haben. Er verf\u00e4llt nach 1 Tag.<\/p>\r\n\r\n\r\n\r\n<h3 class=\"wp-block-heading\">Eingebettete Medien von anderen Websites<\/h3>\r\n\r\n\r\n\r\n<p>Die Artikel auf dieser Website k\u00f6nnen eingebettete Inhalte wie Videos, Bilder, Artikel usw. enthalten. Eingebettete Inhalte von anderen Websites verhalten sich genau so, als ob der Besucher die andere Website besuchen w\u00fcrde.<\/p>\r\n\r\n\r\n\r\n<p>Diese Websites k\u00f6nnen Daten \u00fcber Sie sammeln, Cookies verwenden, zus\u00e4tzliche Trackingfunktionen von Dritten einbetten und Ihre Interaktion mit diesen eingebetteten Inhalten \u00fcberwachen, einschlie\u00dflich Ihrer Interaktion mit den eingebetteten Inhalten, wenn Sie ein Konto haben und auf der Website angemeldet sind.<\/p>\r\n\r\n\r\n\r\n<h2 class=\"wp-block-heading\">Wie lange wir Ihre Daten aufbewahren<\/h2>\r\n\r\n\r\n\r\n<p>Wenn Sie einen Kommentar hinterlassen, werden der Kommentar und seine Metadaten auf unbestimmte Zeit gespeichert. Wir tun dies, damit wir nachfolgende Kommentare automatisch erkennen und genehmigen k\u00f6nnen, anstatt sie zur Moderation aufzubewahren.<\/p>\r\n\r\n\r\n\r\n<p>Bei Nutzern, die sich auf unserer Website registrieren (falls vorhanden), speichern wir auch die pers\u00f6nlichen Daten, die sie in ihrem Nutzerprofil angeben. Alle Nutzer k\u00f6nnen ihre pers\u00f6nlichen Daten jederzeit einsehen, bearbeiten oder l\u00f6schen (nur der Benutzername kann nicht ge\u00e4ndert werden). Auch die Administratoren der Website k\u00f6nnen diese Informationen einsehen und bearbeiten.<\/p>\r\n\r\n\r\n\r\n\r\n\r\n<h2 class=\"wp-block-heading\">Wohin wir Ihre Daten senden<\/h2>\r\n\r\n\r\n\r\n<p>Besucherkommentare k\u00f6nnen von einem automatischen Spam-Erkennungsdienst markiert werden.<\/p>","protected":false},"excerpt":{"rendered":"<p>Quem somos O endere\u00e7o do nosso site \u00e9: https:\/\/warddogs.com. Quais dados pessoais coletamos e porque Coment\u00e1rios Quando os visitantes deixam coment\u00e1rios no site, coletamos os dados mostrados no formul\u00e1rio de coment\u00e1rios, al\u00e9m do endere\u00e7o de IP e de dados do navegador do visitante, para auxiliar na detec\u00e7\u00e3o de spam. Uma sequ\u00eancia anonimizada de caracteres criada [&hellip;]<\/p>\n","protected":false},"author":1,"featured_media":0,"parent":0,"menu_order":0,"comment_status":"closed","ping_status":"closed","template":"","meta":{"pmpro_default_level":"","novoplayer":"","aviso-para-nao-membros":"","footnotes":""},"class_list":["post-196","page","type-page","status-publish","hentry","pmpro-has-access"],"_links":{"self":[{"href":"https:\/\/warddogs.com\/de\/wp-json\/wp\/v2\/pages\/196","targetHints":{"allow":["GET"]}}],"collection":[{"href":"https:\/\/warddogs.com\/de\/wp-json\/wp\/v2\/pages"}],"about":[{"href":"https:\/\/warddogs.com\/de\/wp-json\/wp\/v2\/types\/page"}],"author":[{"embeddable":true,"href":"https:\/\/warddogs.com\/de\/wp-json\/wp\/v2\/users\/1"}],"replies":[{"embeddable":true,"href":"https:\/\/warddogs.com\/de\/wp-json\/wp\/v2\/comments?post=196"}],"version-history":[{"count":0,"href":"https:\/\/warddogs.com\/de\/wp-json\/wp\/v2\/pages\/196\/revisions"}],"wp:attachment":[{"href":"https:\/\/warddogs.com\/de\/wp-json\/wp\/v2\/media?parent=196"}],"curies":[{"name":"wp","href":"https:\/\/api.w.org\/{rel}","templated":true}]}}