{"id":6354,"date":"2023-06-18T14:09:46","date_gmt":"2023-06-18T17:09:46","guid":{"rendered":"https:\/\/warddogs.com\/?page_id=6354"},"modified":"2023-06-18T14:09:46","modified_gmt":"2023-06-18T17:09:46","slug":"bedingungen","status":"publish","type":"page","link":"https:\/\/warddogs.com\/de\/termos\/","title":{"rendered":"Bedingungen f\u00fcr die Nutzung"},"content":{"rendered":"<h2>1. Begriffe<\/h2>\n<p class=\" translation-block\">Mit dem Zugriff auf die <a href=\"https:\/\/warddogs.com\/\" target=\"_self\">WardDogs-Website<\/a> erkl\u00e4ren Sie sich mit diesen Nutzungsbedingungen sowie mit allen geltenden Gesetzen und Vorschriften einverstanden und stimmen zu, dass Sie f\u00fcr die Einhaltung aller geltenden lokalen Gesetze verantwortlich sind. Wenn Sie einer dieser Bedingungen nicht zustimmen, ist es Ihnen untersagt, diese Website zu nutzen oder darauf zuzugreifen. Die auf dieser Website enthaltenen Materialien sind durch die geltenden Urheberrechts- und Markengesetze gesch\u00fctzt.<\/p>\n<h2>2. Verwendung der Lizenz<\/h2>\n<p>Es wird die Erlaubnis erteilt, eine Kopie der Materialien (Informationen oder Software) auf der Website von WardDogs vor\u00fcbergehend nur f\u00fcr den pers\u00f6nlichen, nicht-kommerziellen Gebrauch herunterzuladen. Dies ist die Gew\u00e4hrung einer Lizenz, nicht eine \u00dcbertragung des Eigentumsrechts, und unter dieser Lizenz d\u00fcrfen Sie nicht:<\/p>\n<ol>\n<li>die Materialien zu ver\u00e4ndern oder zu kopieren;<\/li>\n<li>das Material f\u00fcr kommerzielle Zwecke oder zur \u00f6ffentlichen Darstellung (kommerziell oder nicht kommerziell) zu verwenden;<\/li>\n<li>zu versuchen, die auf der WardDogs-Website enthaltene Software zu dekompilieren oder zur\u00fcckzuentwickeln;<\/li>\n<li>Urheberrechts- oder andere Eigentumsvermerke aus den Materialien zu entfernen; oder<\/li>\n<li>das Material an eine andere Person weiterzugeben oder es auf einem anderen Server zu spiegeln\u2018.<\/li>\n<\/ol>\n<p>Diese Lizenz erlischt automatisch, wenn Sie gegen eine dieser Einschr\u00e4nkungen versto\u00dfen, und kann von WardDogs jederzeit gek\u00fcndigt werden. Nach Beendigung der Betrachtung dieser Materialien oder nach Beendigung dieser Lizenz m\u00fcssen Sie alle heruntergeladenen Materialien, die sich in Ihrem Besitz befinden, egal ob in elektronischer oder gedruckter Form, l\u00f6schen.<\/p>\n<h2>3. Haftungsausschluss<\/h2>\n<ol>\n<li>Die Materialien auf der Website von WardDogs werden \u2018wie besehen\u2019 zur Verf\u00fcgung gestellt. WardDogs gibt keine ausdr\u00fccklichen oder stillschweigenden Garantien und lehnt hiermit alle anderen Garantien ab, einschlie\u00dflich, aber nicht beschr\u00e4nkt auf, stillschweigende Garantien oder Bedingungen der Marktg\u00e4ngigkeit, der Eignung f\u00fcr einen bestimmten Zweck oder der Nichtverletzung von geistigem Eigentum oder anderen Rechtsverletzungen.<\/li>\n<li>Dar\u00fcber hinaus \u00fcbernimmt WardDogs keine Gew\u00e4hr f\u00fcr die Richtigkeit, die wahrscheinlichen Ergebnisse oder die Zuverl\u00e4ssigkeit der Nutzung der Materialien auf seiner Internet-Website oder in anderer Weise in Bezug auf solche Materialien oder auf Websites, die mit dieser Website verkn\u00fcpft sind.<\/li>\n<\/ol>\n<h2>4. Beschr\u00e4nkungen<\/h2>\n<p>In keinem Fall haften WardDogs oder seine Zulieferer f\u00fcr Sch\u00e4den (einschlie\u00dflich, aber nicht beschr\u00e4nkt auf Sch\u00e4den durch Daten- oder Gewinnverluste oder durch Gesch\u00e4ftsunterbrechungen), die sich aus der Nutzung oder der Unm\u00f6glichkeit der Nutzung der Materialien auf WardDogs ergeben, selbst wenn WardDogs oder ein von WardDogs autorisierter Vertreter m\u00fcndlich oder schriftlich \u00fcber die M\u00f6glichkeit eines solchen Schadens informiert wurde. Da einige Gerichtsbarkeiten keine Beschr\u00e4nkungen von stillschweigenden Garantien oder Haftungsbeschr\u00e4nkungen f\u00fcr Folgesch\u00e4den oder zuf\u00e4llige Sch\u00e4den zulassen, gelten diese Beschr\u00e4nkungen m\u00f6glicherweise nicht f\u00fcr Sie.<\/p>\n<h2>5. Genauigkeit der Materialien<\/h2>\n<p>Die Materialien auf der Website von WardDogs k\u00f6nnen technische, typografische oder fotografische Fehler enthalten. WardDogs \u00fcbernimmt keine Gew\u00e4hr f\u00fcr die Richtigkeit, Vollst\u00e4ndigkeit und Aktualit\u00e4t der Inhalte seiner Website. WardDogs beh\u00e4lt sich das Recht vor, jederzeit und ohne Vorank\u00fcndigung \u00c4nderungen an den Materialien auf seiner Website vorzunehmen. WardDogs \u00fcbernimmt jedoch keine Verpflichtung zur Aktualisierung der Materialien.<\/p>\n<h2>6. Links<\/h2>\n<p>WardDogs hat nicht alle Websites, die mit seiner Website verlinkt sind, analysiert und ist nicht verantwortlich f\u00fcr den Inhalt dieser verlinkten Websites. Die Aufnahme eines Links bedeutet nicht, dass WardDogs die Website billigt. Die Nutzung einer verlinkten Website erfolgt auf eigenes Risiko des Nutzers.<\/p>\n<h3>\u00c4nderungen<\/h3>\n<p>WardDogs kann diese Nutzungsbedingungen jederzeit und ohne Vorank\u00fcndigung \u00fcberarbeiten. Durch die Nutzung dieser Website erkl\u00e4ren Sie sich mit der aktuellen Version dieser Nutzungsbedingungen einverstanden.<\/p>\n<h3>Anwendbares Recht<\/h3>\n<p>Diese Bedingungen unterliegen den Gesetzen von WardDogs und Sie unterwerfen sich unwiderruflich der ausschlie\u00dflichen Zust\u00e4ndigkeit der Gerichte in diesem Staat oder an diesem Ort.<\/p>","protected":false},"excerpt":{"rendered":"<p>1. Termos Ao acessar ao site\u00a0WardDogs, concorda em cumprir estes termos de servi\u00e7o, todas as leis e regulamentos aplic\u00e1veis \u200b\u200be concorda que \u00e9 respons\u00e1vel pelo cumprimento de todas as leis locais aplic\u00e1veis. Se voc\u00ea n\u00e3o concordar com algum desses termos, est\u00e1 proibido de usar ou acessar este site. Os materiais contidos neste site s\u00e3o protegidos [&hellip;]<\/p>\n","protected":false},"author":1,"featured_media":0,"parent":0,"menu_order":0,"comment_status":"closed","ping_status":"closed","template":"","meta":{"pmpro_default_level":"","novoplayer":"","aviso-para-nao-membros":"","footnotes":""},"class_list":["post-6354","page","type-page","status-publish","hentry","pmpro-has-access"],"_links":{"self":[{"href":"https:\/\/warddogs.com\/de\/wp-json\/wp\/v2\/pages\/6354","targetHints":{"allow":["GET"]}}],"collection":[{"href":"https:\/\/warddogs.com\/de\/wp-json\/wp\/v2\/pages"}],"about":[{"href":"https:\/\/warddogs.com\/de\/wp-json\/wp\/v2\/types\/page"}],"author":[{"embeddable":true,"href":"https:\/\/warddogs.com\/de\/wp-json\/wp\/v2\/users\/1"}],"replies":[{"embeddable":true,"href":"https:\/\/warddogs.com\/de\/wp-json\/wp\/v2\/comments?post=6354"}],"version-history":[{"count":0,"href":"https:\/\/warddogs.com\/de\/wp-json\/wp\/v2\/pages\/6354\/revisions"}],"wp:attachment":[{"href":"https:\/\/warddogs.com\/de\/wp-json\/wp\/v2\/media?parent=6354"}],"curies":[{"name":"wp","href":"https:\/\/api.w.org\/{rel}","templated":true}]}}