{"id":6354,"date":"2023-06-18T14:09:46","date_gmt":"2023-06-18T17:09:46","guid":{"rendered":"https:\/\/warddogs.com\/?page_id=6354"},"modified":"2023-06-18T14:09:46","modified_gmt":"2023-06-18T17:09:46","slug":"terminos","status":"publish","type":"page","link":"https:\/\/warddogs.com\/es\/termos\/","title":{"rendered":"Condiciones de uso"},"content":{"rendered":"<h2>1. condiciones<\/h2>\n<p class=\" translation-block\">Al acceder al sitio web <a href=\"https:\/\/warddogs.com\/\" target=\"_self\">WardDogs<\/a>, usted acepta cumplir estas condiciones de servicio, todas las leyes y reglamentos aplicables, y acepta que es responsable del cumplimiento de cualquier ley local aplicable. Si usted no est\u00e1 de acuerdo con cualquiera de estos t\u00e9rminos, se le proh\u00edbe el uso o acceso a este sitio. Los materiales contenidos en este sitio est\u00e1n protegidos por la legislaci\u00f3n aplicable en materia de derechos de autor y marcas registradas.<\/p>\n<h2>2. Uso de la licencia<\/h2>\n<p>Se concede permiso para descargar temporalmente una copia de los materiales (informaci\u00f3n o software) del sitio Web de WardDogs s\u00f3lo para su visualizaci\u00f3n transitoria personal y no comercial. Esto es la concesi\u00f3n de una licencia, no una transferencia de t\u00edtulo, y bajo esta licencia usted no puede:<\/p>\n<ol>\n<li>modificar o copiar los materiales;<\/li>\n<li>utilizar los materiales para cualquier fin comercial o para su exhibici\u00f3n p\u00fablica (comercial o no comercial);<\/li>\n<li>intentar descompilar o aplicar ingenier\u00eda inversa a cualquier software contenido en el sitio Web de WardDogs;<\/li>\n<li>eliminar de los materiales cualquier menci\u00f3n relativa a derechos de autor u otros derechos de propiedad; o<\/li>\n<li>transferir los materiales a otra persona o \u2018reflejar\u2019 los materiales en cualquier otro servidor.<\/li>\n<\/ol>\n<p>Esta licencia terminar\u00e1 autom\u00e1ticamente si usted viola cualquiera de estas restricciones y puede ser terminada por WardDogs en cualquier momento. Cuando deje de ver estos materiales o cuando finalice esta licencia, deber\u00e1 eliminar todos los materiales descargados que est\u00e9n en su posesi\u00f3n, ya sea en formato electr\u00f3nico o impreso.<\/p>\n<h2>3. Descargo de responsabilidad<\/h2>\n<ol>\n<li>Los materiales del sitio Web de WardDogs se proporcionan \u2018tal cual\u2019. WardDogs no ofrece garant\u00edas, expresas o impl\u00edcitas, y por la presente renuncia y niega todas las dem\u00e1s garant\u00edas, incluidas, entre otras, las garant\u00edas o condiciones impl\u00edcitas de comerciabilidad, idoneidad para un fin determinado o no infracci\u00f3n de la propiedad intelectual u otra violaci\u00f3n de los derechos.<\/li>\n<li>Adem\u00e1s, WardDogs no garantiza ni hace ninguna representaci\u00f3n con respecto a la exactitud, los resultados probables, o la fiabilidad de la utilizaci\u00f3n de los materiales en su sitio web de Internet o de otro tipo relativa a dichos materiales o en cualquier sitio vinculado a este sitio.<\/li>\n<\/ol>\n<h2>4. Limitaciones<\/h2>\n<p>En ning\u00fan caso WardDogs o sus proveedores ser\u00e1n responsables de ning\u00fan da\u00f1o (incluidos, entre otros, los da\u00f1os por p\u00e9rdida de datos o beneficios, o debido a la interrupci\u00f3n del negocio) que surja del uso o la imposibilidad de usar los materiales en WardDogs, incluso si WardDogs o un representante autorizado de WardDogs ha sido notificado oralmente o por escrito de la posibilidad de dicho da\u00f1o. Debido a que algunas jurisdicciones no permiten limitaciones en las garant\u00edas impl\u00edcitas, o limitaciones de responsabilidad por da\u00f1os consecuentes o incidentales, es posible que estas limitaciones no se apliquen en su caso.<\/p>\n<h2>5. Exactitud de los materiales<\/h2>\n<p>Los materiales que aparecen en el sitio Web de WardDogs podr\u00edan incluir errores t\u00e9cnicos, tipogr\u00e1ficos o fotogr\u00e1ficos. WardDogs no garantiza que ninguno de los materiales de su sitio Web sea preciso, completo o actual. WardDogs puede realizar cambios a los materiales contenidos en su sitio Web en cualquier momento sin previo aviso. Sin embargo, WardDogs no se compromete a actualizar los materiales.<\/p>\n<h2>6. Enlaces<\/h2>\n<p>WardDogs no ha analizado todos los sitios vinculados a su sitio Web y no es responsable de los contenidos de dichos sitios vinculados. La inclusi\u00f3n de cualquier enlace no implica la aprobaci\u00f3n del sitio por parte de WardDogs. El uso de cualquier sitio vinculado corre por cuenta y riesgo del usuario.<\/p>\n<h3>Modificaciones<\/h3>\n<p>WardDogs puede revisar estos t\u00e9rminos de servicio en cualquier momento sin previo aviso. Al utilizar este sitio, usted acepta estar obligado por la versi\u00f3n actual de estas condiciones de servicio.<\/p>\n<h3>Legislaci\u00f3n aplicable<\/h3>\n<p>Estos t\u00e9rminos y condiciones se rigen e interpretan de acuerdo con las leyes de WardDogs y usted se somete irrevocablemente a la jurisdicci\u00f3n exclusiva de los tribunales de ese estado o localidad.<\/p>","protected":false},"excerpt":{"rendered":"<p>1. Termos Ao acessar ao site\u00a0WardDogs, concorda em cumprir estes termos de servi\u00e7o, todas as leis e regulamentos aplic\u00e1veis \u200b\u200be concorda que \u00e9 respons\u00e1vel pelo cumprimento de todas as leis locais aplic\u00e1veis. Se voc\u00ea n\u00e3o concordar com algum desses termos, est\u00e1 proibido de usar ou acessar este site. Os materiais contidos neste site s\u00e3o protegidos [&hellip;]<\/p>\n","protected":false},"author":1,"featured_media":0,"parent":0,"menu_order":0,"comment_status":"closed","ping_status":"closed","template":"","meta":{"pmpro_default_level":"","novoplayer":"","aviso-para-nao-membros":"","footnotes":""},"class_list":["post-6354","page","type-page","status-publish","hentry","pmpro-has-access"],"_links":{"self":[{"href":"https:\/\/warddogs.com\/es\/wp-json\/wp\/v2\/pages\/6354","targetHints":{"allow":["GET"]}}],"collection":[{"href":"https:\/\/warddogs.com\/es\/wp-json\/wp\/v2\/pages"}],"about":[{"href":"https:\/\/warddogs.com\/es\/wp-json\/wp\/v2\/types\/page"}],"author":[{"embeddable":true,"href":"https:\/\/warddogs.com\/es\/wp-json\/wp\/v2\/users\/1"}],"replies":[{"embeddable":true,"href":"https:\/\/warddogs.com\/es\/wp-json\/wp\/v2\/comments?post=6354"}],"version-history":[{"count":0,"href":"https:\/\/warddogs.com\/es\/wp-json\/wp\/v2\/pages\/6354\/revisions"}],"wp:attachment":[{"href":"https:\/\/warddogs.com\/es\/wp-json\/wp\/v2\/media?parent=6354"}],"curies":[{"name":"wp","href":"https:\/\/api.w.org\/{rel}","templated":true}]}}