{"id":196,"date":"2020-01-27T12:28:41","date_gmt":"2020-01-27T15:28:41","guid":{"rendered":"https:\/\/warddogs.com\/?page_id=196"},"modified":"2023-01-30T19:34:51","modified_gmt":"2023-01-30T22:34:51","slug":"privacidad","status":"publish","type":"page","link":"https:\/\/warddogs.com\/es_mx\/privacidade\/","title":{"rendered":"Privacidad"},"content":{"rendered":"<h2 class=\"wp-block-heading\">Qui\u00e9nes somos<\/h2>\r\n\r\n\r\n\r\n<p>La direcci\u00f3n de nuestro sitio web es: https:\/\/warddogs.com.<\/p>\r\n\r\n\r\n\r\n<h2 class=\"wp-block-heading\">Qu\u00e9 datos personales recopilamos y por qu\u00e9<\/h2>\r\n\r\n\r\n\r\n<h3 class=\"wp-block-heading\">Comentarios<\/h3>\r\n\r\n\r\n\r\n<p>Cuando los visitantes dejan comentarios en el sitio web, recopilamos los datos que se muestran en el formulario de comentarios, adem\u00e1s de la direcci\u00f3n IP y los datos del navegador del visitante, para ayudar a detectar el spam.<\/p>\r\n\r\n\r\n\r\n<p>Una secuencia an\u00f3nima de caracteres creada a partir de tu correo electr\u00f3nico (tambi\u00e9n llamada hash) puede enviarse a Gravatar para verificar si utilizas el servicio. La pol\u00edtica de privacidad de Gravatar est\u00e1 disponible aqu\u00ed: https:\/\/automattic.com\/privacy\/. Una vez aprobado tu comentario, tu foto de perfil ser\u00e1 visible p\u00fablicamente junto a tu comentario.<\/p>\r\n\r\n\r\n\r\n<h3 class=\"wp-block-heading\">Formularios de contacto<\/h3>\r\n\r\n\r\n\r\n<h3 class=\"wp-block-heading\">Cookies<\/h3>\r\n\r\n\r\n\r\n<p>Al dejar un comentario en el sitio web, puede optar por guardar su nombre, correo electr\u00f3nico y sitio web en cookies. Esto es para su comodidad, para que no tenga que volver a rellenar sus datos cuando haga otro comentario. Estas cookies duran un a\u00f1o.<\/p>\r\n\r\n\r\n\r\n<p>Si tienes una cuenta y accedes a este sitio web, se crear\u00e1 una cookie temporal para determinar si tu navegador acepta cookies. No contiene ning\u00fan dato personal y se eliminar\u00e1 cuando cierres tu navegador.<\/p>\r\n\r\n\r\n\r\n<p>Cuando accede a su cuenta en el sitio web, tambi\u00e9n creamos varias cookies para guardar los datos de su cuenta y sus opciones de visualizaci\u00f3n de pantalla. Las cookies de inicio de sesi\u00f3n se conservan durante dos d\u00edas y las cookies de opciones de pantalla durante un a\u00f1o. Si selecciona \u201cRecordarme\u201d, su acceso se mantendr\u00e1 durante dos semanas. Si se desconecta de su cuenta, las cookies de inicio de sesi\u00f3n se eliminar\u00e1n.<\/p>\r\n\r\n\r\n\r\n<p>Si editas o publicas un art\u00edculo, se guardar\u00e1 una cookie adicional en tu navegador. Esta cookie no incluye ning\u00fan dato personal y simplemente indica el ID de la publicaci\u00f3n correspondiente al art\u00edculo que acabas de editar. Caduca al cabo de un d\u00eda.<\/p>\r\n\r\n\r\n\r\n<h3 class=\"wp-block-heading\">Medios incorporados de otros sitios web<\/h3>\r\n\r\n\r\n\r\n<p>Los art\u00edculos de este sitio web pueden incluir contenido incorporado, como v\u00eddeos, im\u00e1genes, art\u00edculos, etc. El contenido incorporado de otros sitios web se comporta exactamente igual que si el visitante estuviera visitando el otro sitio web.<\/p>\r\n\r\n\r\n\r\n<p>Estos sitios pueden recopilar datos sobre usted, utilizar cookies, incorporar seguimiento adicional de terceros y supervisar su interacci\u00f3n con este contenido incorporado, incluida su interacci\u00f3n con el contenido incorporado si tiene una cuenta y est\u00e1 conectado al sitio.<\/p>\r\n\r\n\r\n\r\n<h2 class=\"wp-block-heading\">Cu\u00e1nto tiempo conservamos sus datos<\/h2>\r\n\r\n\r\n\r\n<p>Si deja un comentario, el comentario y sus metadatos se conservan indefinidamente. Hacemos esto para que sea posible reconocer y aprobar autom\u00e1ticamente cualquier comentario posterior en lugar de retenerlo para su moderaci\u00f3n.<\/p>\r\n\r\n\r\n\r\n<p>Para los usuarios que se registran en nuestro sitio web (si lo hay), tambi\u00e9n guardamos la informaci\u00f3n personal que proporcionan en su perfil de usuario. Todos los usuarios pueden ver, editar o eliminar su informaci\u00f3n personal en cualquier momento (solo no es posible cambiar su nombre de usuario). Los administradores del sitio web tambi\u00e9n pueden ver y editar esta informaci\u00f3n.<\/p>\r\n\r\n\r\n\r\n\r\n\r\n<h2 class=\"wp-block-heading\">A d\u00f3nde enviamos sus datos<\/h2>\r\n\r\n\r\n\r\n<p>Los comentarios de los visitantes pueden ser marcados por un servicio autom\u00e1tico de detecci\u00f3n de spam.<\/p>","protected":false},"excerpt":{"rendered":"<p>Quem somos O endere\u00e7o do nosso site \u00e9: https:\/\/warddogs.com. Quais dados pessoais coletamos e porque Coment\u00e1rios Quando os visitantes deixam coment\u00e1rios no site, coletamos os dados mostrados no formul\u00e1rio de coment\u00e1rios, al\u00e9m do endere\u00e7o de IP e de dados do navegador do visitante, para auxiliar na detec\u00e7\u00e3o de spam. Uma sequ\u00eancia anonimizada de caracteres criada [&hellip;]<\/p>\n","protected":false},"author":1,"featured_media":0,"parent":0,"menu_order":0,"comment_status":"closed","ping_status":"closed","template":"","meta":{"pmpro_default_level":"","novoplayer":"","aviso-para-nao-membros":"","footnotes":""},"class_list":["post-196","page","type-page","status-publish","hentry","pmpro-has-access"],"_links":{"self":[{"href":"https:\/\/warddogs.com\/es_mx\/wp-json\/wp\/v2\/pages\/196","targetHints":{"allow":["GET"]}}],"collection":[{"href":"https:\/\/warddogs.com\/es_mx\/wp-json\/wp\/v2\/pages"}],"about":[{"href":"https:\/\/warddogs.com\/es_mx\/wp-json\/wp\/v2\/types\/page"}],"author":[{"embeddable":true,"href":"https:\/\/warddogs.com\/es_mx\/wp-json\/wp\/v2\/users\/1"}],"replies":[{"embeddable":true,"href":"https:\/\/warddogs.com\/es_mx\/wp-json\/wp\/v2\/comments?post=196"}],"version-history":[{"count":0,"href":"https:\/\/warddogs.com\/es_mx\/wp-json\/wp\/v2\/pages\/196\/revisions"}],"wp:attachment":[{"href":"https:\/\/warddogs.com\/es_mx\/wp-json\/wp\/v2\/media?parent=196"}],"curies":[{"name":"wp","href":"https:\/\/api.w.org\/{rel}","templated":true}]}}