{"id":6354,"date":"2023-06-18T14:09:46","date_gmt":"2023-06-18T17:09:46","guid":{"rendered":"https:\/\/warddogs.com\/?page_id=6354"},"modified":"2023-06-18T14:09:46","modified_gmt":"2023-06-18T17:09:46","slug":"terminos","status":"publish","type":"page","link":"https:\/\/warddogs.com\/es_mx\/termos\/","title":{"rendered":"T\u00e9rminos de uso"},"content":{"rendered":"<h2>1. T\u00e9rminos<\/h2>\n<p class=\" translation-block\">Al acceder al sitio web <a href=\"https:\/\/warddogs.com\/\" target=\"_self\">WardDogs<\/a>, usted acepta cumplir con estos t\u00e9rminos de servicio, todas las leyes y regulaciones aplicables, y acepta que es responsable del cumplimiento de todas las leyes locales aplicables. Si no est\u00e1 de acuerdo con alguno de estos t\u00e9rminos, se le proh\u00edbe utilizar o acceder a este sitio web. Los materiales contenidos en este sitio web est\u00e1n protegidos por las leyes de derechos de autor y marcas comerciales aplicables.<\/p>\n<h2>2. Uso de la licencia<\/h2>\n<p>Se concede permiso para descargar temporalmente una copia de los materiales (informaci\u00f3n o software) del sitio web WardDogs, \u00fanicamente para su visualizaci\u00f3n personal y no comercial. Se trata de una concesi\u00f3n de licencia, no de una transferencia de t\u00edtulo, y bajo esta licencia no se puede:<\/p>\n<ol>\n<li>modificar o copiar los materiales;<\/li>\n<li>utilizar los materiales para cualquier fin comercial o para exhibici\u00f3n p\u00fablica (comercial o no comercial);<\/li>\n<li>intentar descompilar o realizar ingenier\u00eda inversa de cualquier software contenido en el sitio web WardDogs;<\/li>\n<li>eliminar cualquier copyright u otras indicaciones de propiedad de los materiales; o<\/li>\n<li>transferir los materiales a otra persona o \u2018duplicar\u2019 los materiales en cualquier otro servidor.<\/li>\n<\/ol>\n<p>Esta licencia se rescindir\u00e1 autom\u00e1ticamente si incumple alguna de estas restricciones y WardDogs podr\u00e1 rescindirla en cualquier momento. Al finalizar la visualizaci\u00f3n de estos materiales o tras la terminaci\u00f3n de esta licencia, deber\u00e1 eliminar todos los materiales descargados que obren en su poder, ya sea en formato electr\u00f3nico o impreso.<\/p>\n<h2>3. Exenci\u00f3n de responsabilidad<\/h2>\n<ol>\n<li>Los materiales del sitio web de WardDogs se proporcionan \u2018tal cual\u2019. WardDogs no ofrece garant\u00edas, expresas o impl\u00edcitas, y por la presente exime y niega todas las dem\u00e1s garant\u00edas, incluyendo, sin limitaci\u00f3n, las garant\u00edas impl\u00edcitas o condiciones de comercializaci\u00f3n, idoneidad para un fin espec\u00edfico o no violaci\u00f3n de la propiedad intelectual u otra violaci\u00f3n de derechos.<\/li>\n<li>Adem\u00e1s, WardDogs no garantiza ni realiza ninguna declaraci\u00f3n con respecto a la precisi\u00f3n, los resultados probables o la confiabilidad del uso de los materiales en su sitio web o relacionados de otro modo con dichos materiales o en sitios web vinculados a este sitio web.<\/li>\n<\/ol>\n<h2>4. Limitaciones<\/h2>\n<p>En ning\u00fan caso WardDogs o sus proveedores ser\u00e1n responsables de ning\u00fan da\u00f1o (incluidos, entre otros, da\u00f1os por p\u00e9rdida de datos o ganancias o debido a la interrupci\u00f3n del negocio) que se derive del uso o la imposibilidad de usar los materiales de WardDogs, incluso si WardDogs o un representante autorizado de WardDogs ha sido notificado verbalmente o por escrito de la posibilidad de tales da\u00f1os. Dado que algunas jurisdicciones no permiten limitaciones en las garant\u00edas impl\u00edcitas, o limitaciones de responsabilidad por da\u00f1os consecuentes o incidentales, es posible que estas limitaciones no se apliquen en su caso.<\/p>\n<h2>5. Precisi\u00f3n de los materiales<\/h2>\n<p>Los materiales que aparecen en el sitio web de WardDogs pueden contener errores t\u00e9cnicos, tipogr\u00e1ficos o fotogr\u00e1ficos. WardDogs no garantiza que ning\u00fan material de su sitio web sea preciso, completo o actualizado. WardDogs puede realizar cambios en los materiales contenidos en su sitio web en cualquier momento y sin previo aviso. Sin embargo, WardDogs no se compromete a actualizar los materiales.<\/p>\n<h2>6. Enlaces<\/h2>\n<p>WardDogs no ha revisado todos los sitios web vinculados a su sitio web y no se hace responsable del contenido de ning\u00fan sitio vinculado. La inclusi\u00f3n de cualquier enlace no implica el respaldo de WardDogs al sitio web. El uso de cualquier sitio vinculado es por cuenta y riesgo del usuario.<\/p>\n<h3>Modificaciones<\/h3>\n<p>WardDogs puede revisar estos t\u00e9rminos de servicio del sitio web en cualquier momento y sin previo aviso. Al utilizar este sitio web, usted acepta quedar vinculado a la versi\u00f3n actual de estos t\u00e9rminos de servicio.<\/p>\n<h3>Legislaci\u00f3n aplicable<\/h3>\n<p>Estos t\u00e9rminos y condiciones se rigen e interpretan de acuerdo con las leyes de WardDogs, y usted se somete irrevocablemente a la jurisdicci\u00f3n exclusiva de los tribunales de ese estado o localidad.<\/p>","protected":false},"excerpt":{"rendered":"<p>1. Termos Ao acessar ao site\u00a0WardDogs, concorda em cumprir estes termos de servi\u00e7o, todas as leis e regulamentos aplic\u00e1veis \u200b\u200be concorda que \u00e9 respons\u00e1vel pelo cumprimento de todas as leis locais aplic\u00e1veis. Se voc\u00ea n\u00e3o concordar com algum desses termos, est\u00e1 proibido de usar ou acessar este site. Os materiais contidos neste site s\u00e3o protegidos [&hellip;]<\/p>\n","protected":false},"author":1,"featured_media":0,"parent":0,"menu_order":0,"comment_status":"closed","ping_status":"closed","template":"","meta":{"pmpro_default_level":"","novoplayer":"","aviso-para-nao-membros":"","footnotes":""},"class_list":["post-6354","page","type-page","status-publish","hentry","pmpro-has-access"],"_links":{"self":[{"href":"https:\/\/warddogs.com\/es_mx\/wp-json\/wp\/v2\/pages\/6354","targetHints":{"allow":["GET"]}}],"collection":[{"href":"https:\/\/warddogs.com\/es_mx\/wp-json\/wp\/v2\/pages"}],"about":[{"href":"https:\/\/warddogs.com\/es_mx\/wp-json\/wp\/v2\/types\/page"}],"author":[{"embeddable":true,"href":"https:\/\/warddogs.com\/es_mx\/wp-json\/wp\/v2\/users\/1"}],"replies":[{"embeddable":true,"href":"https:\/\/warddogs.com\/es_mx\/wp-json\/wp\/v2\/comments?post=6354"}],"version-history":[{"count":0,"href":"https:\/\/warddogs.com\/es_mx\/wp-json\/wp\/v2\/pages\/6354\/revisions"}],"wp:attachment":[{"href":"https:\/\/warddogs.com\/es_mx\/wp-json\/wp\/v2\/media?parent=6354"}],"curies":[{"name":"wp","href":"https:\/\/api.w.org\/{rel}","templated":true}]}}