{"id":196,"date":"2020-01-27T12:28:41","date_gmt":"2020-01-27T15:28:41","guid":{"rendered":"https:\/\/warddogs.com\/?page_id=196"},"modified":"2023-01-30T19:34:51","modified_gmt":"2023-01-30T22:34:51","slug":"confidentialite","status":"publish","type":"page","link":"https:\/\/warddogs.com\/fr\/privacidade\/","title":{"rendered":"Confidentialit\u00e9"},"content":{"rendered":"<h2 class=\"wp-block-heading\">Qui sommes-nous ?<\/h2>\r\n\r\n\r\n\r\n<p>L'adresse de notre site web est : https:\/\/warddogs.com.<\/p>\r\n\r\n\r\n\r\n<h2 class=\"wp-block-heading\">Quelles donn\u00e9es personnelles collectons-nous et pourquoi ?<\/h2>\r\n\r\n\r\n\r\n<h3 class=\"wp-block-heading\">Commentaires<\/h3>\r\n\r\n\r\n\r\n<p>Lorsque les visiteurs laissent des commentaires sur le site, nous collectons les donn\u00e9es indiqu\u00e9es dans le formulaire de commentaires, ainsi que l'adresse IP et les donn\u00e9es du navigateur du visiteur, afin de faciliter la d\u00e9tection des spams.<\/p>\r\n\r\n\r\n\r\n<p>Une cha\u00eene de caract\u00e8res anonymis\u00e9e cr\u00e9\u00e9e \u00e0 partir de votre adresse e-mail (\u00e9galement appel\u00e9e \u00ab hash \u00bb) peut \u00eatre envoy\u00e9e \u00e0 Gravatar afin de v\u00e9rifier que vous utilisez ce service. La politique de confidentialit\u00e9 de Gravatar est disponible ici : https:\/\/automattic.com\/privacy\/. Une fois votre commentaire approuv\u00e9, votre photo de profil sera visible publiquement \u00e0 c\u00f4t\u00e9 de votre commentaire.<\/p>\r\n\r\n\r\n\r\n<h3 class=\"wp-block-heading\">Formulaires de contact<\/h3>\r\n\r\n\r\n\r\n<h3 class=\"wp-block-heading\">Cookies<\/h3>\r\n\r\n\r\n\r\n<p>Lorsque vous laissez un commentaire sur le site, vous pouvez choisir d'enregistrer votre nom, votre adresse e-mail et votre site web dans des cookies. Cela vise \u00e0 vous faciliter la t\u00e2che, afin que vous n'ayez pas \u00e0 remplir \u00e0 nouveau vos coordonn\u00e9es lorsque vous laisserez un autre commentaire. Ces cookies ont une dur\u00e9e de vie d'un an.<\/p>\r\n\r\n\r\n\r\n<p>Si vous avez un compte et que vous acc\u00e9dez \u00e0 ce site, un cookie temporaire sera cr\u00e9\u00e9 pour d\u00e9terminer si votre navigateur accepte les cookies. Il ne contient aucune donn\u00e9e personnelle et sera supprim\u00e9 lorsque vous fermerez votre navigateur.<\/p>\r\n\r\n\r\n\r\n<p>Lorsque vous vous connectez \u00e0 votre compte sur le site, nous cr\u00e9ons \u00e9galement plusieurs cookies pour enregistrer vos donn\u00e9es de compte et vos choix d'affichage \u00e0 l'\u00e9cran. Les cookies de connexion sont conserv\u00e9s pendant deux jours et les cookies d'options d'affichage pendant un an. Si vous s\u00e9lectionnez \u201c Se souvenir de moi \u201d, votre acc\u00e8s sera conserv\u00e9 pendant deux semaines. Si vous vous d\u00e9connectez de votre compte, les cookies de connexion seront supprim\u00e9s.<\/p>\r\n\r\n\r\n\r\n<p>Si vous modifiez ou publiez un article, un cookie suppl\u00e9mentaire sera enregistr\u00e9 dans votre navigateur. Ce cookie ne contient aucune donn\u00e9e personnelle et indique simplement l'identifiant de l'article que vous venez de modifier. Il expire apr\u00e8s 1 jour.<\/p>\r\n\r\n\r\n\r\n<h3 class=\"wp-block-heading\">M\u00e9dias int\u00e9gr\u00e9s provenant d'autres sites<\/h3>\r\n\r\n\r\n\r\n<p>Les articles publi\u00e9s sur ce site peuvent inclure du contenu int\u00e9gr\u00e9, tel que des vid\u00e9os, des images, des articles, etc. Le contenu int\u00e9gr\u00e9 provenant d'autres sites se comporte exactement de la m\u00eame mani\u00e8re que si le visiteur consultait l'autre site.<\/p>\r\n\r\n\r\n\r\n<p>Ces sites peuvent collecter des donn\u00e9es vous concernant, utiliser des cookies, int\u00e9grer un suivi suppl\u00e9mentaire de tiers et surveiller votre interaction avec ce contenu int\u00e9gr\u00e9, y compris votre interaction avec le contenu int\u00e9gr\u00e9 si vous disposez d'un compte et \u00eates connect\u00e9 au site.<\/p>\r\n\r\n\r\n\r\n<h2 class=\"wp-block-heading\">Combien de temps conservons-nous vos donn\u00e9es ?<\/h2>\r\n\r\n\r\n\r\n<p>Si vous laissez un commentaire, le commentaire et ses m\u00e9tadonn\u00e9es sont conserv\u00e9s ind\u00e9finiment. Nous proc\u00e9dons ainsi afin de pouvoir reconna\u00eetre et approuver automatiquement tout commentaire ult\u00e9rieur plut\u00f4t que de le retenir pour mod\u00e9ration.<\/p>\r\n\r\n\r\n\r\n<p>Pour les utilisateurs qui s'inscrivent sur notre site (le cas \u00e9ch\u00e9ant), nous conservons \u00e9galement les informations personnelles qu'ils fournissent dans leur profil utilisateur. Tous les utilisateurs peuvent consulter, modifier ou supprimer leurs informations personnelles \u00e0 tout moment (seul leur nom d'utilisateur ne peut \u00eatre modifi\u00e9). Les administrateurs du site peuvent \u00e9galement consulter et modifier ces informations.<\/p>\r\n\r\n\r\n\r\n\r\n\r\n<h2 class=\"wp-block-heading\">O\u00f9 envoyons-nous vos donn\u00e9es ?<\/h2>\r\n\r\n\r\n\r\n<p>Les commentaires des visiteurs peuvent \u00eatre signal\u00e9s par un service automatique de d\u00e9tection des spams.<\/p>","protected":false},"excerpt":{"rendered":"<p>Quem somos O endere\u00e7o do nosso site \u00e9: https:\/\/warddogs.com. Quais dados pessoais coletamos e porque Coment\u00e1rios Quando os visitantes deixam coment\u00e1rios no site, coletamos os dados mostrados no formul\u00e1rio de coment\u00e1rios, al\u00e9m do endere\u00e7o de IP e de dados do navegador do visitante, para auxiliar na detec\u00e7\u00e3o de spam. Uma sequ\u00eancia anonimizada de caracteres criada [&hellip;]<\/p>\n","protected":false},"author":1,"featured_media":0,"parent":0,"menu_order":0,"comment_status":"closed","ping_status":"closed","template":"","meta":{"pmpro_default_level":"","novoplayer":"","aviso-para-nao-membros":"","footnotes":""},"class_list":["post-196","page","type-page","status-publish","hentry","pmpro-has-access"],"_links":{"self":[{"href":"https:\/\/warddogs.com\/fr\/wp-json\/wp\/v2\/pages\/196","targetHints":{"allow":["GET"]}}],"collection":[{"href":"https:\/\/warddogs.com\/fr\/wp-json\/wp\/v2\/pages"}],"about":[{"href":"https:\/\/warddogs.com\/fr\/wp-json\/wp\/v2\/types\/page"}],"author":[{"embeddable":true,"href":"https:\/\/warddogs.com\/fr\/wp-json\/wp\/v2\/users\/1"}],"replies":[{"embeddable":true,"href":"https:\/\/warddogs.com\/fr\/wp-json\/wp\/v2\/comments?post=196"}],"version-history":[{"count":0,"href":"https:\/\/warddogs.com\/fr\/wp-json\/wp\/v2\/pages\/196\/revisions"}],"wp:attachment":[{"href":"https:\/\/warddogs.com\/fr\/wp-json\/wp\/v2\/media?parent=196"}],"curies":[{"name":"wp","href":"https:\/\/api.w.org\/{rel}","templated":true}]}}