{"id":6354,"date":"2023-06-18T14:09:46","date_gmt":"2023-06-18T17:09:46","guid":{"rendered":"https:\/\/warddogs.com\/?page_id=6354"},"modified":"2023-06-18T14:09:46","modified_gmt":"2023-06-18T17:09:46","slug":"termes","status":"publish","type":"page","link":"https:\/\/warddogs.com\/fr\/termos\/","title":{"rendered":"Conditions d'utilisation"},"content":{"rendered":"<h2>1. les conditions<\/h2>\n<p class=\" translation-block\">En acc\u00e9dant au site web <a href=\"https:\/\/warddogs.com\/\" target=\"_self\">WardDogs<\/a>, vous acceptez de vous conformer aux pr\u00e9sentes conditions de service, ainsi qu'\u00e0 toutes les lois et r\u00e9glementations applicables, et vous acceptez d'\u00eatre responsable du respect de toute loi locale applicable. Si vous n'acceptez pas l'une de ces conditions, il vous est interdit d'utiliser ce site ou d'y acc\u00e9der. Le mat\u00e9riel contenu sur ce site est prot\u00e9g\u00e9 par les lois applicables en mati\u00e8re de droits d'auteur et de marques d\u00e9pos\u00e9es.<\/p>\n<h2>2. Utilisation de la licence<\/h2>\n<p>Il est permis de t\u00e9l\u00e9charger temporairement une copie du mat\u00e9riel (information ou logiciel) sur le site web de WardDogs pour une visualisation transitoire personnelle et non commerciale uniquement. Il s'agit d'une licence et non d'un transfert de titre, et dans le cadre de cette licence, vous ne pouvez pas :<\/p>\n<ol>\n<li>modifier ou copier le mat\u00e9riel ;<\/li>\n<li>utiliser le mat\u00e9riel \u00e0 des fins commerciales ou pour une pr\u00e9sentation publique (commerciale ou non) ;<\/li>\n<li>tenter de d\u00e9compiler ou d'inverser l'ing\u00e9nierie de tout logiciel contenu sur le site Web de WardDogs ;<\/li>\n<li>supprimer toute mention de droit d'auteur ou autre mention de propri\u00e9t\u00e9 du mat\u00e9riel ; ou<\/li>\n<li>transf\u00e9rer le mat\u00e9riel \u00e0 quelqu'un d'autre ou le mettre en miroir sur un autre serveur.<\/li>\n<\/ol>\n<p>Cette licence sera automatiquement r\u00e9sili\u00e9e si vous violez l'une de ces restrictions et pourra \u00eatre r\u00e9sili\u00e9e par WardDogs \u00e0 tout moment. Lorsque vous cessez de consulter ces documents ou lorsque la pr\u00e9sente licence prend fin, vous devez supprimer tous les documents t\u00e9l\u00e9charg\u00e9s en votre possession, qu'ils soient sous forme \u00e9lectronique ou imprim\u00e9e.<\/p>\n<h2>3. Clause de non-responsabilit\u00e9<\/h2>\n<ol>\n<li>Les documents figurant sur le site web de WardDogs sont fournis \u2018en l'\u00e9tat\u2019. WardDogs ne donne aucune garantie, expresse ou implicite, et rejette par la pr\u00e9sente toutes les autres garanties, y compris, mais sans s'y limiter, les garanties ou conditions implicites de qualit\u00e9 marchande, d'ad\u00e9quation \u00e0 un usage particulier, ou de non-violation de la propri\u00e9t\u00e9 intellectuelle ou d'autres violations des droits.<\/li>\n<li>En outre, WardDogs ne garantit pas l'exactitude, les r\u00e9sultats probables ou la fiabilit\u00e9 de l'utilisation du mat\u00e9riel sur son site Internet ou de tout autre mat\u00e9riel ou site li\u00e9 \u00e0 ce site, et ne fait aucune d\u00e9claration \u00e0 ce sujet.<\/li>\n<\/ol>\n<h2>4. Limites<\/h2>\n<p>En aucun cas WardDogs ou ses fournisseurs ne pourront \u00eatre tenus responsables des dommages (y compris, sans s'y limiter, les dommages li\u00e9s \u00e0 la perte de donn\u00e9es ou de b\u00e9n\u00e9fices, ou \u00e0 l'interruption d'activit\u00e9) r\u00e9sultant de l'utilisation ou de l'impossibilit\u00e9 d'utiliser les documents de WardDogs, m\u00eame si WardDogs ou un repr\u00e9sentant autoris\u00e9 de WardDogs a \u00e9t\u00e9 inform\u00e9 oralement ou par \u00e9crit de l'\u00e9ventualit\u00e9 de tels dommages. Certaines juridictions n'autorisant pas les limitations de garanties implicites ou les limitations de responsabilit\u00e9 pour les dommages cons\u00e9cutifs ou accidentels, ces limitations peuvent ne pas s'appliquer \u00e0 vous.<\/p>\n<h2>5. Pr\u00e9cision des mat\u00e9riaux<\/h2>\n<p>Les documents figurant sur le site web de WardDogs peuvent contenir des erreurs techniques, typographiques ou photographiques. WardDogs ne garantit pas que les \u00e9l\u00e9ments figurant sur son site web sont exacts, complets ou \u00e0 jour. WardDogs peut modifier le contenu de son site web \u00e0 tout moment et sans pr\u00e9avis. WardDogs ne s'engage toutefois pas \u00e0 mettre \u00e0 jour le mat\u00e9riel.<\/p>\n<h2>6. Liens<\/h2>\n<p>WardDogs n'a pas analys\u00e9 tous les sites li\u00e9s \u00e0 son site web et n'est pas responsable du contenu de ces sites. L'inclusion d'un lien n'implique pas l'approbation du site par WardDogs. L'utilisation de tout site li\u00e9 se fait aux risques et p\u00e9rils de l'utilisateur.<\/p>\n<h3>Modifications<\/h3>\n<p>WardDogs peut r\u00e9viser ces conditions de service \u00e0 tout moment et sans pr\u00e9avis. En utilisant ce site, vous acceptez d'\u00eatre li\u00e9 par la version actuelle de ces conditions de service.<\/p>\n<h3>Droit applicable<\/h3>\n<p>Les pr\u00e9sentes conditions g\u00e9n\u00e9rales sont r\u00e9gies et interpr\u00e9t\u00e9es conform\u00e9ment aux lois de WardDogs et vous vous soumettez irr\u00e9vocablement \u00e0 la comp\u00e9tence exclusive des tribunaux de cet \u00c9tat ou de ce lieu.<\/p>","protected":false},"excerpt":{"rendered":"<p>1. Termos Ao acessar ao site\u00a0WardDogs, concorda em cumprir estes termos de servi\u00e7o, todas as leis e regulamentos aplic\u00e1veis \u200b\u200be concorda que \u00e9 respons\u00e1vel pelo cumprimento de todas as leis locais aplic\u00e1veis. Se voc\u00ea n\u00e3o concordar com algum desses termos, est\u00e1 proibido de usar ou acessar este site. Os materiais contidos neste site s\u00e3o protegidos [&hellip;]<\/p>\n","protected":false},"author":1,"featured_media":0,"parent":0,"menu_order":0,"comment_status":"closed","ping_status":"closed","template":"","meta":{"pmpro_default_level":"","novoplayer":"","aviso-para-nao-membros":"","footnotes":""},"class_list":["post-6354","page","type-page","status-publish","hentry","pmpro-has-access"],"_links":{"self":[{"href":"https:\/\/warddogs.com\/fr\/wp-json\/wp\/v2\/pages\/6354","targetHints":{"allow":["GET"]}}],"collection":[{"href":"https:\/\/warddogs.com\/fr\/wp-json\/wp\/v2\/pages"}],"about":[{"href":"https:\/\/warddogs.com\/fr\/wp-json\/wp\/v2\/types\/page"}],"author":[{"embeddable":true,"href":"https:\/\/warddogs.com\/fr\/wp-json\/wp\/v2\/users\/1"}],"replies":[{"embeddable":true,"href":"https:\/\/warddogs.com\/fr\/wp-json\/wp\/v2\/comments?post=6354"}],"version-history":[{"count":0,"href":"https:\/\/warddogs.com\/fr\/wp-json\/wp\/v2\/pages\/6354\/revisions"}],"wp:attachment":[{"href":"https:\/\/warddogs.com\/fr\/wp-json\/wp\/v2\/media?parent=6354"}],"curies":[{"name":"wp","href":"https:\/\/api.w.org\/{rel}","templated":true}]}}